{"id":5190,"date":"2023-12-07T11:08:15","date_gmt":"2023-12-07T11:08:15","guid":{"rendered":"https:\/\/www.rdtest123.it\/?page_id=5190"},"modified":"2024-01-30T16:58:22","modified_gmt":"2024-01-30T16:58:22","slug":"value-management","status":"publish","type":"page","link":"https:\/\/www.rosciolidevelopment.com\/","title":{"rendered":"ROSCIOLI DEVELOPMENT"},"content":{"rendered":"\n<figure class=\"wp-block-image alignfull size-large\"><img fetchpriority=\"high\" decoding=\"async\" width=\"1024\" height=\"683\" src=\"https:\/\/www.rdtest123.it\/wp-content\/uploads\/2023\/12\/tightrope-walker-amsterdam-2021-08-27-09-36-35-utc-1024x683.jpg\" alt=\"\" class=\"wp-image-5204\" srcset=\"https:\/\/www.rosciolidevelopment.com\/wp-content\/uploads\/2023\/12\/tightrope-walker-amsterdam-2021-08-27-09-36-35-utc-1024x683.jpg 1024w, https:\/\/www.rosciolidevelopment.com\/wp-content\/uploads\/2023\/12\/tightrope-walker-amsterdam-2021-08-27-09-36-35-utc-768x512.jpg 768w, https:\/\/www.rosciolidevelopment.com\/wp-content\/uploads\/2023\/12\/tightrope-walker-amsterdam-2021-08-27-09-36-35-utc-450x300.jpg 450w\" sizes=\"(max-width: 1024px) 100vw, 1024px\" \/><\/figure>\n\n\n\n<p>Grazie al nostro approccio innovativo e alla vasta esperienza nel settore, aiutiamo le aziende a identificare le opportunit\u00e0 di miglioramento e adottare le migliori strategie e azioni per aumentare i profitti e il valore.<\/p>\n\n\n\n<p><strong>Lavoriamo in stretta collaborazione con i nostri clienti per comprendere le loro esigenze e offrire soluzioni personalizzate<\/strong>. L\u2019integrazione di valore, leadership e eccellenza operativa costituisce la leva per conseguire un vantaggio competitivo unico ed in grado di aumentare la soddisfazione di clienti, azionisti e personale dell\u2019azienda.<\/p>\n\n\n\n<p>La crescita dei margini e del cash flow alimentano l\u2019innovazione e la crescita, in un contesto aziendale che motiva, stimola e offre sempre maggiori opportunit\u00e0 alle persone.<\/p>\n\n\n\n<p><em>IL CICLO DEL MIGLIORAMENTO AZIENDALE<\/em><\/p>\n\n\n\n<div class=\"wp-block-columns is-layout-flex wp-container-core-columns-is-layout-2 wp-block-columns-is-layout-flex\">\n<div class=\"wp-block-column is-layout-flow wp-block-column-is-layout-flow\" style=\"flex-basis:66.66%\">\n<figure class=\"wp-block-image size-large\"><img decoding=\"async\" width=\"1024\" height=\"681\" src=\"https:\/\/www.rdtest123.it\/wp-content\/uploads\/2023\/12\/Screenshot-2023-12-07-alle-12.02.16-1-1024x681.png\" alt=\"\" class=\"wp-image-5192\" srcset=\"https:\/\/www.rosciolidevelopment.com\/wp-content\/uploads\/2023\/12\/Screenshot-2023-12-07-alle-12.02.16-1-1024x681.png 1024w, https:\/\/www.rosciolidevelopment.com\/wp-content\/uploads\/2023\/12\/Screenshot-2023-12-07-alle-12.02.16-1-768x511.png 768w, https:\/\/www.rosciolidevelopment.com\/wp-content\/uploads\/2023\/12\/Screenshot-2023-12-07-alle-12.02.16-1-1536x1022.png 1536w, https:\/\/www.rosciolidevelopment.com\/wp-content\/uploads\/2023\/12\/Screenshot-2023-12-07-alle-12.02.16-1-451x300.png 451w, https:\/\/www.rosciolidevelopment.com\/wp-content\/uploads\/2023\/12\/Screenshot-2023-12-07-alle-12.02.16-1.png 1726w\" sizes=\"(max-width: 1024px) 100vw, 1024px\" \/><\/figure>\n<\/div>\n\n\n\n<div class=\"wp-block-column is-layout-flow wp-block-column-is-layout-flow\" style=\"flex-basis:33.33%\">\n<p><strong>I risultati si producono ogni giorno, a tutti i livelli dell\u2019organizzazione,<\/strong> nel quadro di un processo sistematico, organizzato e continuo. <br \/>Focalizzazione, coinvolgimento, azione e apprendimento costituiscono il corretto ciclo di miglioramento da implementare e praticare a tutti i livelli tra loro interconnessi.<br \/>Cos\u00ec l\u2019azienda diventa un campo di eccellenza che attraversa tutta la sua ampiezza e profondit\u00e0.<\/p>\n\n\n\n<div class=\"wp-block-columns is-layout-flex wp-container-core-columns-is-layout-1 wp-block-columns-is-layout-flex\">\n<div class=\"wp-block-column is-layout-flow wp-block-column-is-layout-flow\" style=\"flex-basis:33.33%\"><\/div>\n\n\n\n<div class=\"wp-block-column is-layout-flow wp-block-column-is-layout-flow\" style=\"flex-basis:66.66%\"><\/div>\n<\/div>\n<\/div>\n<\/div>\n\n\n<p><i>IL MOTORE DELLO SVILUPPO<\/i><\/p>\n\n\n<div class=\"wp-block-columns is-layout-flex wp-container-core-columns-is-layout-3 wp-block-columns-is-layout-flex\">\n<div class=\"wp-block-column is-layout-flow wp-block-column-is-layout-flow\" style=\"flex-basis:66.66%\">\n<figure class=\"wp-block-image size-large\"><img decoding=\"async\" width=\"1024\" height=\"542\" src=\"https:\/\/www.rdtest123.it\/wp-content\/uploads\/2023\/12\/Screenshot-2023-12-07-alle-12.03.50-1024x542.png\" alt=\"\" class=\"wp-image-5193\" srcset=\"https:\/\/www.rosciolidevelopment.com\/wp-content\/uploads\/2023\/12\/Screenshot-2023-12-07-alle-12.03.50-1024x542.png 1024w, https:\/\/www.rosciolidevelopment.com\/wp-content\/uploads\/2023\/12\/Screenshot-2023-12-07-alle-12.03.50-768x407.png 768w, https:\/\/www.rosciolidevelopment.com\/wp-content\/uploads\/2023\/12\/Screenshot-2023-12-07-alle-12.03.50-1536x814.png 1536w, https:\/\/www.rosciolidevelopment.com\/wp-content\/uploads\/2023\/12\/Screenshot-2023-12-07-alle-12.03.50-566x300.png 566w, https:\/\/www.rosciolidevelopment.com\/wp-content\/uploads\/2023\/12\/Screenshot-2023-12-07-alle-12.03.50.png 1854w\" sizes=\"(max-width: 1024px) 100vw, 1024px\" \/><\/figure>\n<\/div>\n\n\n\n<div class=\"wp-block-column is-layout-flow wp-block-column-is-layout-flow\" style=\"flex-basis:33.33%\">\n<p><strong>Il futuro si costruisce producendo risultati<\/strong>. I mercati e le arene competitive mutano nel tempo cambiando obiettivi e capabilities prioritarie. L\u2019abilit\u00e0 di individuare e sviluppare le \u00abgiuste\u00bb capabilities costituisce il terreno dove si decide della vita futura dell\u2019azienda. Per alzare la probabilit\u00e0 di successo \u00e8 <strong>necessario scegliere le priorit\u00e0 e trasformarle in programmi e azioni coerenti<\/strong>. Si tratta di leggere il contesto, focalizzarsi sulle leve chiave e dare a queste esecuzione eccellente, rapida e concreta. Un processo che salda breve e lungo periodo attraverso i risultati; che ispira, guida e abilita l\u2019intera azienda verso il futuro desiderato.<\/p>\n<\/div>\n<\/div>\n","protected":false},"excerpt":{"rendered":"<p>Grazie al nostro approccio innovativo e alla vasta esperienza nel settore, aiutiamo le aziende a identificare le opportunit\u00e0 di miglioramento e adottare le migliori strategie e azioni per aumentare i profitti e il valore. Lavoriamo in stretta collaborazione con i nostri clienti per comprendere le loro esigenze e offrire soluzioni personalizzate. L\u2019integrazione di valore, leadership [&hellip;]<\/p>\n","protected":false},"author":1,"featured_media":0,"parent":0,"menu_order":0,"comment_status":"closed","ping_status":"closed","template":"","meta":{"footnotes":""},"_links":{"self":[{"href":"https:\/\/www.rosciolidevelopment.com\/index.php?rest_route=\/wp\/v2\/pages\/5190"}],"collection":[{"href":"https:\/\/www.rosciolidevelopment.com\/index.php?rest_route=\/wp\/v2\/pages"}],"about":[{"href":"https:\/\/www.rosciolidevelopment.com\/index.php?rest_route=\/wp\/v2\/types\/page"}],"author":[{"embeddable":true,"href":"https:\/\/www.rosciolidevelopment.com\/index.php?rest_route=\/wp\/v2\/users\/1"}],"replies":[{"embeddable":true,"href":"https:\/\/www.rosciolidevelopment.com\/index.php?rest_route=%2Fwp%2Fv2%2Fcomments&post=5190"}],"version-history":[{"count":7,"href":"https:\/\/www.rosciolidevelopment.com\/index.php?rest_route=\/wp\/v2\/pages\/5190\/revisions"}],"predecessor-version":[{"id":5533,"href":"https:\/\/www.rosciolidevelopment.com\/index.php?rest_route=\/wp\/v2\/pages\/5190\/revisions\/5533"}],"wp:attachment":[{"href":"https:\/\/www.rosciolidevelopment.com\/index.php?rest_route=%2Fwp%2Fv2%2Fmedia&parent=5190"}],"curies":[{"name":"wp","href":"https:\/\/api.w.org\/{rel}","templated":true}]}}