{"id":5265,"date":"2023-12-07T14:12:12","date_gmt":"2023-12-07T14:12:12","guid":{"rendered":"https:\/\/www.rdtest123.it\/?page_id=5265"},"modified":"2024-03-05T10:33:51","modified_gmt":"2024-03-05T10:33:51","slug":"value-innovation","status":"publish","type":"page","link":"https:\/\/www.rosciolidevelopment.com\/?page_id=5265","title":{"rendered":"VALUE INNOVATION"},"content":{"rendered":"\t\t<div data-elementor-type=\"wp-page\" data-elementor-id=\"5265\" class=\"elementor elementor-5265\">\n\t\t\t\t\t\t<section class=\"elementor-section elementor-top-section elementor-element elementor-element-7abeb7e7 elementor-section-boxed elementor-section-height-default elementor-section-height-default\" data-id=\"7abeb7e7\" data-element_type=\"section\">\n\t\t\t\t\t\t<div class=\"elementor-container elementor-column-gap-default\">\n\t\t\t\t\t<div class=\"elementor-column elementor-col-100 elementor-top-column elementor-element elementor-element-2b1b712c\" data-id=\"2b1b712c\" data-element_type=\"column\">\n\t\t\t<div class=\"elementor-widget-wrap elementor-element-populated\">\n\t\t\t\t\t\t<section class=\"elementor-section elementor-inner-section elementor-element elementor-element-54270047 elementor-reverse-tablet elementor-section-boxed elementor-section-height-default elementor-section-height-default\" data-id=\"54270047\" data-element_type=\"section\">\n\t\t\t\t\t\t<div class=\"elementor-container elementor-column-gap-default\">\n\t\t\t\t\t<div class=\"elementor-column elementor-col-100 elementor-inner-column elementor-element elementor-element-4c8750da\" data-id=\"4c8750da\" data-element_type=\"column\">\n\t\t\t<div class=\"elementor-widget-wrap elementor-element-populated\">\n\t\t\t\t\t\t<div class=\"elementor-element elementor-element-37df1b2f elementor-widget elementor-widget-heading\" data-id=\"37df1b2f\" data-element_type=\"widget\" data-widget_type=\"heading.default\">\n\t\t\t\t<div class=\"elementor-widget-container\">\n\t\t\t<style>\/*! elementor - v3.21.0 - 15-04-2024 *\/\n.elementor-heading-title{padding:0;margin:0;line-height:1}.elementor-widget-heading .elementor-heading-title[class*=elementor-size-]>a{color:inherit;font-size:inherit;line-height:inherit}.elementor-widget-heading .elementor-heading-title.elementor-size-small{font-size:15px}.elementor-widget-heading .elementor-heading-title.elementor-size-medium{font-size:19px}.elementor-widget-heading .elementor-heading-title.elementor-size-large{font-size:29px}.elementor-widget-heading .elementor-heading-title.elementor-size-xl{font-size:39px}.elementor-widget-heading .elementor-heading-title.elementor-size-xxl{font-size:59px}<\/style><h2 class=\"elementor-heading-title elementor-size-default\">VALUE INNOVATION<\/h2>\t\t<\/div>\n\t\t\t\t<\/div>\n\t\t\t\t\t<\/div>\n\t\t<\/div>\n\t\t\t\t\t<\/div>\n\t\t<\/section>\n\t\t\t\t<section class=\"elementor-section elementor-inner-section elementor-element elementor-element-5bcb296a elementor-section-boxed elementor-section-height-default elementor-section-height-default\" data-id=\"5bcb296a\" data-element_type=\"section\">\n\t\t\t\t\t\t<div class=\"elementor-container elementor-column-gap-default\">\n\t\t\t\t\t<div class=\"elementor-column elementor-col-100 elementor-inner-column elementor-element elementor-element-60f94524\" data-id=\"60f94524\" data-element_type=\"column\">\n\t\t\t<div class=\"elementor-widget-wrap elementor-element-populated\">\n\t\t\t\t\t\t<div class=\"elementor-element elementor-element-1578af9f elementor-widget elementor-widget-image\" data-id=\"1578af9f\" data-element_type=\"widget\" data-widget_type=\"image.default\">\n\t\t\t\t<div class=\"elementor-widget-container\">\n\t\t\t<style>\/*! elementor - v3.21.0 - 15-04-2024 *\/\n.elementor-widget-image{text-align:center}.elementor-widget-image a{display:inline-block}.elementor-widget-image a img[src$=\".svg\"]{width:48px}.elementor-widget-image img{vertical-align:middle;display:inline-block}<\/style>\t\t\t\t\t\t\t\t\t\t<img fetchpriority=\"high\" decoding=\"async\" width=\"587\" height=\"606\" src=\"https:\/\/www.rosciolidevelopment.com\/wp-content\/uploads\/2024\/03\/Screenshot-2024-02-24-alle-18.35.11.png\" class=\"attachment-full size-full wp-image-6397\" alt=\"\" \/>\t\t\t\t\t\t\t\t\t\t\t\t\t<\/div>\n\t\t\t\t<\/div>\n\t\t\t\t<div class=\"elementor-element elementor-element-16716c7 elementor-widget elementor-widget-heading\" data-id=\"16716c7\" data-element_type=\"widget\" data-widget_type=\"heading.default\">\n\t\t\t\t<div class=\"elementor-widget-container\">\n\t\t\t<h2 class=\"elementor-heading-title elementor-size-default\">INNOVARE CON IL VALUE FIELD FRAMEWORK\u00ae<\/h2>\t\t<\/div>\n\t\t\t\t<\/div>\n\t\t\t\t<div class=\"elementor-element elementor-element-c341f70 elementor-widget elementor-widget-text-editor\" data-id=\"c341f70\" data-element_type=\"widget\" data-widget_type=\"text-editor.default\">\n\t\t\t\t<div class=\"elementor-widget-container\">\n\t\t\t<style>\/*! elementor - v3.21.0 - 15-04-2024 *\/\n.elementor-widget-text-editor.elementor-drop-cap-view-stacked .elementor-drop-cap{background-color:#69727d;color:#fff}.elementor-widget-text-editor.elementor-drop-cap-view-framed .elementor-drop-cap{color:#69727d;border:3px solid;background-color:transparent}.elementor-widget-text-editor:not(.elementor-drop-cap-view-default) .elementor-drop-cap{margin-top:8px}.elementor-widget-text-editor:not(.elementor-drop-cap-view-default) .elementor-drop-cap-letter{width:1em;height:1em}.elementor-widget-text-editor .elementor-drop-cap{float:left;text-align:center;line-height:1;font-size:50px}.elementor-widget-text-editor .elementor-drop-cap-letter{display:inline-block}<\/style>\t\t\t\t<p>Con il nostro Value Field Framework\u00ae sviluppiamo la vostra capacit\u00e0 d\u2019innovare portando a sintesi bisogni, tecnologie ed esperienza del cliente. Il valore di un prodotto, servizio o soluzione per il cliente \u00e8 la risultante di una perfetta combinazione di benefici, di contesto tecnologico e esperienza d\u2019uso.<\/p><p>Con il Value Field Framework\u00ae vi consentiamo di cogliere i mutamenti di senso e valori associati al \u201cprodotto\u201d dalla prospettiva del cliente, di individuare le sequenze tecnologiche, passate e future; di fissare le dimensioni di qualit\u00e0 associate dal cliente al prodotto, anche nella combinazione delle caratteristiche d\u2019uso, in altri termini: l\u2019esperienza.<\/p>\t\t\t\t\t\t<\/div>\n\t\t\t\t<\/div>\n\t\t\t\t<div class=\"elementor-element elementor-element-64489cd elementor-widget elementor-widget-heading\" data-id=\"64489cd\" data-element_type=\"widget\" data-widget_type=\"heading.default\">\n\t\t\t\t<div class=\"elementor-widget-container\">\n\t\t\t<h2 class=\"elementor-heading-title elementor-size-default\">SENTIMENT ANALYSIS<\/h2>\t\t<\/div>\n\t\t\t\t<\/div>\n\t\t\t\t<div class=\"elementor-element elementor-element-406b44f elementor-widget elementor-widget-text-editor\" data-id=\"406b44f\" data-element_type=\"widget\" data-widget_type=\"text-editor.default\">\n\t\t\t\t<div class=\"elementor-widget-container\">\n\t\t\t\t\t\t\t<p>L\u2019analisi dei segnali emergenti dal mercato con la nostra Sentiment Analysis <strong>permette di definire i desideri del cliente<\/strong> rispetto al prodotto o servizio. Un approccio che va oltre la sentiment analysis tradizionale, ferma a rilevare la positivit\u00e0, negativit\u00e0 o neutralit\u00e0, perch\u00e9 esplora le dimensioni di qualit\u00e0 attuali e future che il cliente associa ai prodotti e ai servizi.<br \/>Con la nostra Sentiment Analysis \u00e8 possibile:<\/p>\n<p>&#8211; Conoscere le motivazioni che inducono il cliente a preferirci o a preferire la concorrenza;<\/p>\n<p>&#8211; Conoscere le opinioni dei clienti verso i prodotti e servizi concorrenti;<\/p>\n<p>&#8211; Migliorare e allineare lo sviluppo prodotto alle attese del cliente;<\/p>\n<p>&#8211; Riconoscere i desideri (anche nascosti) dei clienti attuali e potenziali;<\/p>\n<p>&#8211; Conoscere le caratteristiche pi\u00f9 o meno apprezzate del prodotto\/servizio;<\/p>\n<p>&#8211; Migliorare e allineare le campagne di marketing e di comunicazione alle attese del cliente;<\/p>\n<p>&#8211; Conoscere la soddisfazione del cliente rispetto al nostro prodotto\/servizio.<\/p>\n<p>Con la nostra capacit\u00e0 di analisi di Big Data Qualitativi &amp; Quantitativi mediante piattaforme, software e personale specializzati, vi mettiamo nella condizione di conoscere profondamente il vostro cliente, in tempo reale ed in modo continuo. In modalit\u00e0 stand-alone o As-a-service.<\/p>\t\t\t\t\t\t<\/div>\n\t\t\t\t<\/div>\n\t\t\t\t<div class=\"elementor-element elementor-element-1e2a868 elementor-widget elementor-widget-heading\" data-id=\"1e2a868\" data-element_type=\"widget\" data-widget_type=\"heading.default\">\n\t\t\t\t<div class=\"elementor-widget-container\">\n\t\t\t<h2 class=\"elementor-heading-title elementor-size-default\">INNOVATION ROADMAPPING<\/h2>\t\t<\/div>\n\t\t\t\t<\/div>\n\t\t\t\t<div class=\"elementor-element elementor-element-1488880 elementor-widget elementor-widget-text-editor\" data-id=\"1488880\" data-element_type=\"widget\" data-widget_type=\"text-editor.default\">\n\t\t\t\t<div class=\"elementor-widget-container\">\n\t\t\t\t\t\t\t<p>L\u2019innovazione \u00e8 un processo dinamico che richiede la migliore orchestrazione di tutte le componenti necessarie e fare in modo di essere pronti nel momento giusto. Stabilire il cammino, percorrerlo considerando l\u2019intero sistema aziendale, comunicare e coinvolgere gli stakeholder per massimizzare la capacit\u00e0 di cogliere l\u2019obiettivo.<\/p>\n<p><strong>Innovation Roadmapping<\/strong> \u00e8 un processo finalizzato a cogliere, sintetizzare e integrare la prospettiva dell\u2019innovazione e dello sviluppo prodotto in modo semplice e visuale. Un approccio pratico, capace di facilitare la riflessione, la comunicazione e il coordinamento tra le diverse aree aziendali cos\u00ec da definire programmi, prospettive e azioni. Un processo che riduce il time to market e massimizza la probabilit\u00e0 di successo dell\u2019innovazione. La utilizziamo anche per:<\/p>\n<p>&#8211; Migliorare la comprensione e la risposta agli scenari futuri;<\/p>\n<p>&#8211; Identificare nuove opportunit\u00e0 di business per sfruttare la tecnologia ed esplorare, valutare e pianificare le opportunit\u00e0 di innovazione strategica;<\/p>\n<p>&#8211; Allineare la strategia commerciale e tecnica;<\/p>\n<p>&#8211; Prendere decisioni sviluppando il consenso sulle priorit\u00e0;<\/p>\n<p>&#8211; Catturare e condividere la conoscenza su mercati, prodotti e tecnologia;<\/p>\t\t\t\t\t\t<\/div>\n\t\t\t\t<\/div>\n\t\t\t\t<div class=\"elementor-element elementor-element-e54bd00 elementor-widget elementor-widget-heading\" data-id=\"e54bd00\" data-element_type=\"widget\" data-widget_type=\"heading.default\">\n\t\t\t\t<div class=\"elementor-widget-container\">\n\t\t\t<h2 class=\"elementor-heading-title elementor-size-default\">INNOVATION MANAGEMENT<\/h2>\t\t<\/div>\n\t\t\t\t<\/div>\n\t\t\t\t<div class=\"elementor-element elementor-element-0f53b58 elementor-widget elementor-widget-text-editor\" data-id=\"0f53b58\" data-element_type=\"widget\" data-widget_type=\"text-editor.default\">\n\t\t\t\t<div class=\"elementor-widget-container\">\n\t\t\t\t\t\t\t<p>Il mercato produce un costante flusso di opportunit\u00e0 e innovazione che deve essere organizzato, governato e reso produttivo. L\u2019azienda \u00e8 chiamata a generare un flusso di idee di sviluppo via via sempre pi\u00f9 tangibili, e che si materializzano in nuovi prodotti.<br \/>La gestione dell\u2019innovazione deve contemplare il coerente mix di<\/p>\n<p>&#8211; organizzazione,<br \/><br \/>&#8211; competenze,<br \/><br \/>&#8211; cultura,<br \/><br \/>&#8211; processi,<br \/><br \/>&#8211; integrazioni \u201ca monte\u201d e \u201ca valle\u201d del flusso dell\u2019innovazione,<br \/><br \/>&#8211; strumenti,<br \/><br \/>&#8211; metriche,<br \/><br \/>&#8211; ba (l\u2019ambiente dell\u2019innovazione).<\/p>\n<p>Il nostro know-how all\u2019avanguardia e l\u2019expertise ci consentono di supportare le aziende nella complessa gestione dell\u2019innovazione, garantendo efficacia ed efficienza in quella che si pu\u00f2 definire la capability chiave della sostenibilit\u00e0 attuale e futura delle aziende.<\/p>\t\t\t\t\t\t<\/div>\n\t\t\t\t<\/div>\n\t\t\t\t\t<\/div>\n\t\t<\/div>\n\t\t\t\t\t<\/div>\n\t\t<\/section>\n\t\t\t\t\t<\/div>\n\t\t<\/div>\n\t\t\t\t\t<\/div>\n\t\t<\/section>\n\t\t\t\t<\/div>\n\t\t","protected":false},"excerpt":{"rendered":"<p>VALUE INNOVATION INNOVARE CON IL VALUE FIELD FRAMEWORK\u00ae Con il nostro Value Field Framework\u00ae sviluppiamo la vostra capacit\u00e0 d\u2019innovare portando a sintesi bisogni, tecnologie ed esperienza del cliente. Il valore di un prodotto, servizio o soluzione per il cliente \u00e8 la risultante di una perfetta combinazione di benefici, di contesto tecnologico e esperienza d\u2019uso. Con [&hellip;]<\/p>\n","protected":false},"author":1,"featured_media":0,"parent":0,"menu_order":0,"comment_status":"closed","ping_status":"closed","template":"","meta":{"footnotes":""},"_links":{"self":[{"href":"https:\/\/www.rosciolidevelopment.com\/index.php?rest_route=\/wp\/v2\/pages\/5265"}],"collection":[{"href":"https:\/\/www.rosciolidevelopment.com\/index.php?rest_route=\/wp\/v2\/pages"}],"about":[{"href":"https:\/\/www.rosciolidevelopment.com\/index.php?rest_route=\/wp\/v2\/types\/page"}],"author":[{"embeddable":true,"href":"https:\/\/www.rosciolidevelopment.com\/index.php?rest_route=\/wp\/v2\/users\/1"}],"replies":[{"embeddable":true,"href":"https:\/\/www.rosciolidevelopment.com\/index.php?rest_route=%2Fwp%2Fv2%2Fcomments&post=5265"}],"version-history":[{"count":43,"href":"https:\/\/www.rosciolidevelopment.com\/index.php?rest_route=\/wp\/v2\/pages\/5265\/revisions"}],"predecessor-version":[{"id":6517,"href":"https:\/\/www.rosciolidevelopment.com\/index.php?rest_route=\/wp\/v2\/pages\/5265\/revisions\/6517"}],"wp:attachment":[{"href":"https:\/\/www.rosciolidevelopment.com\/index.php?rest_route=%2Fwp%2Fv2%2Fmedia&parent=5265"}],"curies":[{"name":"wp","href":"https:\/\/api.w.org\/{rel}","templated":true}]}}