{"id":5864,"date":"2024-02-13T10:09:30","date_gmt":"2024-02-13T10:09:30","guid":{"rendered":"https:\/\/www.rdtest123.it\/?page_id=5864"},"modified":"2024-03-05T17:43:03","modified_gmt":"2024-03-05T17:43:03","slug":"c-suite","status":"publish","type":"page","link":"https:\/\/www.rosciolidevelopment.com\/?page_id=5864","title":{"rendered":"C-SUITE"},"content":{"rendered":"\t\t<div data-elementor-type=\"wp-page\" data-elementor-id=\"5864\" class=\"elementor elementor-5864\">\n\t\t\t\t\t\t<section class=\"elementor-section elementor-top-section elementor-element elementor-element-5d09f252 elementor-section-boxed elementor-section-height-default elementor-section-height-default\" data-id=\"5d09f252\" data-element_type=\"section\">\n\t\t\t\t\t\t<div class=\"elementor-container elementor-column-gap-default\">\n\t\t\t\t\t<div class=\"elementor-column elementor-col-100 elementor-top-column elementor-element elementor-element-253155fc\" data-id=\"253155fc\" data-element_type=\"column\">\n\t\t\t<div class=\"elementor-widget-wrap elementor-element-populated\">\n\t\t\t\t\t\t<section class=\"elementor-section elementor-inner-section elementor-element elementor-element-5946e9aa elementor-reverse-tablet elementor-section-boxed elementor-section-height-default elementor-section-height-default\" data-id=\"5946e9aa\" data-element_type=\"section\">\n\t\t\t\t\t\t<div class=\"elementor-container elementor-column-gap-default\">\n\t\t\t\t\t<div class=\"elementor-column elementor-col-100 elementor-inner-column elementor-element elementor-element-6fd1560d\" data-id=\"6fd1560d\" data-element_type=\"column\">\n\t\t\t<div class=\"elementor-widget-wrap elementor-element-populated\">\n\t\t\t\t\t\t<div class=\"elementor-element elementor-element-2965cf70 elementor-widget elementor-widget-heading\" data-id=\"2965cf70\" data-element_type=\"widget\" data-widget_type=\"heading.default\">\n\t\t\t\t<div class=\"elementor-widget-container\">\n\t\t\t<style>\/*! elementor - v3.21.0 - 15-04-2024 *\/\n.elementor-heading-title{padding:0;margin:0;line-height:1}.elementor-widget-heading .elementor-heading-title[class*=elementor-size-]>a{color:inherit;font-size:inherit;line-height:inherit}.elementor-widget-heading .elementor-heading-title.elementor-size-small{font-size:15px}.elementor-widget-heading .elementor-heading-title.elementor-size-medium{font-size:19px}.elementor-widget-heading .elementor-heading-title.elementor-size-large{font-size:29px}.elementor-widget-heading .elementor-heading-title.elementor-size-xl{font-size:39px}.elementor-widget-heading .elementor-heading-title.elementor-size-xxl{font-size:59px}<\/style><h2 class=\"elementor-heading-title elementor-size-default\">C-SUITE<\/h2>\t\t<\/div>\n\t\t\t\t<\/div>\n\t\t\t\t\t<\/div>\n\t\t<\/div>\n\t\t\t\t\t<\/div>\n\t\t<\/section>\n\t\t\t\t<div class=\"elementor-element elementor-element-271a5518 elementor-widget elementor-widget-image\" data-id=\"271a5518\" data-element_type=\"widget\" data-widget_type=\"image.default\">\n\t\t\t\t<div class=\"elementor-widget-container\">\n\t\t\t<style>\/*! elementor - v3.21.0 - 15-04-2024 *\/\n.elementor-widget-image{text-align:center}.elementor-widget-image a{display:inline-block}.elementor-widget-image a img[src$=\".svg\"]{width:48px}.elementor-widget-image img{vertical-align:middle;display:inline-block}<\/style>\t\t\t\t\t\t\t\t\t\t<img fetchpriority=\"high\" decoding=\"async\" width=\"898\" height=\"1102\" src=\"https:\/\/www.rosciolidevelopment.com\/wp-content\/uploads\/2024\/03\/Screenshot-2024-02-15-alle-23.28.11.png\" class=\"attachment-full size-full wp-image-6307\" alt=\"\" srcset=\"https:\/\/www.rosciolidevelopment.com\/wp-content\/uploads\/2024\/03\/Screenshot-2024-02-15-alle-23.28.11.png 898w, https:\/\/www.rosciolidevelopment.com\/wp-content\/uploads\/2024\/03\/Screenshot-2024-02-15-alle-23.28.11-834x1024.png 834w, https:\/\/www.rosciolidevelopment.com\/wp-content\/uploads\/2024\/03\/Screenshot-2024-02-15-alle-23.28.11-768x942.png 768w\" sizes=\"(max-width: 898px) 100vw, 898px\" \/>\t\t\t\t\t\t\t\t\t\t\t\t\t<\/div>\n\t\t\t\t<\/div>\n\t\t\t\t<section class=\"elementor-section elementor-inner-section elementor-element elementor-element-3b02207f elementor-section-boxed elementor-section-height-default elementor-section-height-default\" data-id=\"3b02207f\" data-element_type=\"section\">\n\t\t\t\t\t\t<div class=\"elementor-container elementor-column-gap-default\">\n\t\t\t\t\t<div class=\"elementor-column elementor-col-100 elementor-inner-column elementor-element elementor-element-a34bdd\" data-id=\"a34bdd\" data-element_type=\"column\">\n\t\t\t<div class=\"elementor-widget-wrap elementor-element-populated\">\n\t\t\t\t\t\t<div class=\"elementor-element elementor-element-72d3e150 elementor-widget elementor-widget-text-editor\" data-id=\"72d3e150\" data-element_type=\"widget\" data-widget_type=\"text-editor.default\">\n\t\t\t\t<div class=\"elementor-widget-container\">\n\t\t\t<style>\/*! elementor - v3.21.0 - 15-04-2024 *\/\n.elementor-widget-text-editor.elementor-drop-cap-view-stacked .elementor-drop-cap{background-color:#69727d;color:#fff}.elementor-widget-text-editor.elementor-drop-cap-view-framed .elementor-drop-cap{color:#69727d;border:3px solid;background-color:transparent}.elementor-widget-text-editor:not(.elementor-drop-cap-view-default) .elementor-drop-cap{margin-top:8px}.elementor-widget-text-editor:not(.elementor-drop-cap-view-default) .elementor-drop-cap-letter{width:1em;height:1em}.elementor-widget-text-editor .elementor-drop-cap{float:left;text-align:center;line-height:1;font-size:50px}.elementor-widget-text-editor .elementor-drop-cap-letter{display:inline-block}<\/style>\t\t\t\t<p><strong>Roscioli Development \u00e8 attenta ai temi pi\u00f9 innovativi e riserva ai leaders contenuti unici e capaci di fare la differenza<\/strong>. Con un profondo e costante lavoro di ricerca e applicazione concreta, grazie all\u2019expertise ultraventennale portiamo a sintesi e nel contesto aziendale le conoscenze, i principi e i metodi pi\u00f9 innovativi e utili ad affrontare le sfide di oggi e di domani.<\/p><p>C-SUITE \u00e8 un \u201cluogo\u201d di dialogo, ispirazione e sviluppo dove il leader svolge un percorso, personalizzato, personale e coinvolgente.<\/p><p>C-SUITE \u00e8 lo spazio per i leaders che hanno compreso che la complessit\u00e0 e\u0300 la nuova normalit\u00e0 e che il leader del futuro sara\u0300 sempre piu\u0300 chiamato ad attingere ad un set di conoscenze e abilita\u0300 imprescindibili e che attengono in particolare alla capacita\u0300 di \u201csaper diventare\u201d.<\/p><p>Anni di ricerche, hanno consentito di sintetizzare il complesso di queste abilita\u0300, attingendo a campi disciplinari profondamente diversi tra loro. Si fa sempre piu\u0300 strada la<strong> necessita\u0300 di sviluppare attitudini che superano i confini disciplinari del passato per approdare a saperi nuovi<\/strong>. Decision making e Sense making vengono ricodificati per corrispondere a una realt\u00e0 sempre meno intellegibile in termini di \u201ccertezze\u201d e sempre pi\u00f9 \u201cliquida\u201d.<\/p><p>In questo quadro il leader deve possedere un corpus di qualit\u00e0 e di abilita\u0300 rinnovato e adatto.<\/p><p>Riconoscere e comprendere i fenomeni in atto e emergenti, acquisire \u201csguardo\u201d, logiche e strumenti, riconoscere le implicazioni e gli impatti, saper leggere, interpretare e sintetizzare masse di informazioni, costituiscono abilita\u0300 cruciali per il leader moderno. <strong>La capacita\u0300 di \u201cvedere\u201d<\/strong>, costituisce la necessaria premessa ad ogni forma di strutturazione di programmi e scelte; e disegna anche lo sfondo necessario al corretto Decision Making e alla fissazione delle priorit\u00e0. Acquisire l\u2019abilita\u0300 di cogliere la logica che struttura i fenomeni costituisce una componente essenziale della capacita\u0300 di costruire un vantaggio competitivo, o in grado di evitare pericolosi rischi. Roscioli Development affianca il C-Level con un set di conoscenze, strumenti e expertise integrati in modo unico ed in grado di far fare la differenza.<\/p>\t\t\t\t\t\t<\/div>\n\t\t\t\t<\/div>\n\t\t\t\t\t<\/div>\n\t\t<\/div>\n\t\t\t\t\t<\/div>\n\t\t<\/section>\n\t\t\t\t\t<\/div>\n\t\t<\/div>\n\t\t\t\t\t<\/div>\n\t\t<\/section>\n\t\t\t\t<section class=\"elementor-section elementor-top-section elementor-element elementor-element-2f97d3f6 elementor-section-stretched elementor-section-boxed elementor-section-height-default elementor-section-height-default\" data-id=\"2f97d3f6\" data-element_type=\"section\" data-settings=\"{&quot;stretch_section&quot;:&quot;section-stretched&quot;}\">\n\t\t\t\t\t\t<div class=\"elementor-container elementor-column-gap-default\">\n\t\t\t\t\t<div class=\"elementor-column elementor-col-100 elementor-top-column elementor-element elementor-element-283b45f7\" data-id=\"283b45f7\" data-element_type=\"column\">\n\t\t\t<div class=\"elementor-widget-wrap elementor-element-populated\">\n\t\t\t\t\t\t<section class=\"elementor-section elementor-inner-section elementor-element elementor-element-7006460d elementor-section-boxed elementor-section-height-default elementor-section-height-default\" data-id=\"7006460d\" data-element_type=\"section\">\n\t\t\t\t\t\t<div class=\"elementor-container elementor-column-gap-default\">\n\t\t\t\t\t<div class=\"elementor-column elementor-col-50 elementor-inner-column elementor-element elementor-element-1f5849a7\" data-id=\"1f5849a7\" data-element_type=\"column\">\n\t\t\t<div class=\"elementor-widget-wrap elementor-element-populated\">\n\t\t\t\t\t\t<div class=\"elementor-element elementor-element-4b0c50f elementor-widget elementor-widget-image\" data-id=\"4b0c50f\" data-element_type=\"widget\" data-widget_type=\"image.default\">\n\t\t\t\t<div class=\"elementor-widget-container\">\n\t\t\t\t\t\t\t\t\t\t\t\t\t<img decoding=\"async\" width=\"523\" height=\"345\" src=\"https:\/\/www.rosciolidevelopment.com\/wp-content\/uploads\/2024\/03\/Screenshot-2024-02-24-alle-18.13.15.png\" class=\"attachment-large size-large wp-image-6349\" alt=\"\" \/>\t\t\t\t\t\t\t\t\t\t\t\t\t<\/div>\n\t\t\t\t<\/div>\n\t\t\t\t\t<\/div>\n\t\t<\/div>\n\t\t\t\t<div class=\"elementor-column elementor-col-50 elementor-inner-column elementor-element elementor-element-51c20fd1\" data-id=\"51c20fd1\" data-element_type=\"column\">\n\t\t\t<div class=\"elementor-widget-wrap elementor-element-populated\">\n\t\t\t\t\t\t<div class=\"elementor-element elementor-element-262bf6e3 elementor-widget elementor-widget-heading\" data-id=\"262bf6e3\" data-element_type=\"widget\" data-widget_type=\"heading.default\">\n\t\t\t\t<div class=\"elementor-widget-container\">\n\t\t\t<h2 class=\"elementor-heading-title elementor-size-default\">CAPABILITY DEVELOPMENT<\/h2>\t\t<\/div>\n\t\t\t\t<\/div>\n\t\t\t\t<div class=\"elementor-element elementor-element-19fd24c3 elementor-widget elementor-widget-text-editor\" data-id=\"19fd24c3\" data-element_type=\"widget\" data-widget_type=\"text-editor.default\">\n\t\t\t\t<div class=\"elementor-widget-container\">\n\t\t\t\t\t\t\t<div id=\"_rich_text-317-130\" class=\"oxy-rich-text \"><p>Le capabilities necessarie ad un\u2019azienda sono molteplici e la loro rilevanza varia nel tempo e in funzione del contesto, attuale e atteso. Ad esempio, le aziende che si trovano ad operare in contesti di estrema incertezza di mercato o che operano in mercati ad alto tasso di innovazione devono privilegiare le cosiddette capabilities dinamiche, che consistono nella capacit\u00e0 di anticipare il futuro, costruire risposte adeguate ai cambiamenti attesi e mantenere nel tempo (combinando, proteggendo o riconfigurando le proprie risorse). Oppure, per le aziende che si trovano in mercati con bassa possibilit\u00e0 di differenziazione e stabili, sono da privilegiare le capabilities operative connesse al conseguimento di vantaggi di costo. O ancora le aziende che operano in mercati dove il ciclo di vita del prodotto \u00e8 relativamente breve e di conseguenza trovano nelle capabilities di innovazione (di design, tecnologiche, di significato) le capabilities chiave.<\/p><\/div><div id=\"_rich_text-318-130\" class=\"oxy-rich-text \"><p>Come sappiamo i mercati e le arene competitive mutano nel tempo, di conseguenza, in un dato momento bisogna potenziare certe capabilities mentre in un altro momento si dovr\u00e0 privilegiarne altre. L\u2019<strong>abilit\u00e0 di individuare prima e poi sviluppare le \u00abgiuste\u00bb capabilities<\/strong> \u00e8 il compito della pi\u00f9 Alta Direzione delle aziende e costituisce il terreno dove si decide della vita futura dell\u2019azienda.<br \/>Non tutte le capabilities hanno la stessa importanza\/rilevanza per lo sviluppo dell\u2019azienda ed \u00e8 velleitario o teorico, sviluppare tutte le capabilities allo stesso modo. Per alzare la probabilit\u00e0 di successo \u00e8 <strong>necessario scegliere le priorit\u00e0 e trasformarle in politiche e azioni aziendali coerenti<\/strong>. In altri termini si tratta di concentrarsi, focalizzarsi sulle leve chiave e dare a queste esecuzione adeguata, rapida e concreta.<\/p><\/div>\t\t\t\t\t\t<\/div>\n\t\t\t\t<\/div>\n\t\t\t\t\t<\/div>\n\t\t<\/div>\n\t\t\t\t\t<\/div>\n\t\t<\/section>\n\t\t\t\t\t<\/div>\n\t\t<\/div>\n\t\t\t\t\t<\/div>\n\t\t<\/section>\n\t\t\t\t<section class=\"elementor-section elementor-top-section elementor-element elementor-element-1d56d95b elementor-section-stretched elementor-section-boxed elementor-section-height-default elementor-section-height-default\" data-id=\"1d56d95b\" data-element_type=\"section\" data-settings=\"{&quot;stretch_section&quot;:&quot;section-stretched&quot;}\">\n\t\t\t\t\t\t<div class=\"elementor-container elementor-column-gap-default\">\n\t\t\t\t\t<div class=\"elementor-column elementor-col-100 elementor-top-column elementor-element elementor-element-53033b9b\" data-id=\"53033b9b\" data-element_type=\"column\">\n\t\t\t<div class=\"elementor-widget-wrap elementor-element-populated\">\n\t\t\t\t\t\t<section class=\"elementor-section elementor-inner-section elementor-element elementor-element-7a3c629 elementor-section-boxed elementor-section-height-default elementor-section-height-default\" data-id=\"7a3c629\" data-element_type=\"section\">\n\t\t\t\t\t\t<div class=\"elementor-container elementor-column-gap-default\">\n\t\t\t\t\t<div class=\"elementor-column elementor-col-50 elementor-inner-column elementor-element elementor-element-3bf2b964\" data-id=\"3bf2b964\" data-element_type=\"column\">\n\t\t\t<div class=\"elementor-widget-wrap elementor-element-populated\">\n\t\t\t\t\t\t<div class=\"elementor-element elementor-element-6bd79dd5 elementor-widget elementor-widget-image\" data-id=\"6bd79dd5\" data-element_type=\"widget\" data-widget_type=\"image.default\">\n\t\t\t\t<div class=\"elementor-widget-container\">\n\t\t\t\t\t\t\t\t\t\t\t\t\t<img decoding=\"async\" width=\"902\" height=\"611\" src=\"https:\/\/www.rosciolidevelopment.com\/wp-content\/uploads\/2024\/03\/Screenshot-2024-02-11-alle-17.52.54.png\" class=\"attachment-large size-large wp-image-6200\" alt=\"\" srcset=\"https:\/\/www.rosciolidevelopment.com\/wp-content\/uploads\/2024\/03\/Screenshot-2024-02-11-alle-17.52.54.png 902w, https:\/\/www.rosciolidevelopment.com\/wp-content\/uploads\/2024\/03\/Screenshot-2024-02-11-alle-17.52.54-768x520.png 768w\" sizes=\"(max-width: 902px) 100vw, 902px\" \/>\t\t\t\t\t\t\t\t\t\t\t\t\t<\/div>\n\t\t\t\t<\/div>\n\t\t\t\t\t<\/div>\n\t\t<\/div>\n\t\t\t\t<div class=\"elementor-column elementor-col-50 elementor-inner-column elementor-element elementor-element-8513cfd\" data-id=\"8513cfd\" data-element_type=\"column\">\n\t\t\t<div class=\"elementor-widget-wrap elementor-element-populated\">\n\t\t\t\t\t\t<div class=\"elementor-element elementor-element-3e38aa54 elementor-widget elementor-widget-heading\" data-id=\"3e38aa54\" data-element_type=\"widget\" data-widget_type=\"heading.default\">\n\t\t\t\t<div class=\"elementor-widget-container\">\n\t\t\t<h2 class=\"elementor-heading-title elementor-size-default\">POWER PREDICTION<\/h2>\t\t<\/div>\n\t\t\t\t<\/div>\n\t\t\t\t<div class=\"elementor-element elementor-element-60b98fa0 elementor-widget elementor-widget-text-editor\" data-id=\"60b98fa0\" data-element_type=\"widget\" data-widget_type=\"text-editor.default\">\n\t\t\t\t<div class=\"elementor-widget-container\">\n\t\t\t\t\t\t\t<p>L\u2019<strong>Intelligenza Artificiale (AI), l\u2019Industry 5.0, il Web 3.0,<\/strong> penetrano ogni giorno di pi\u00f9 le aziende e si candidano a divenire il nuovo paradigma tecnologico e industriale. Se la macchina a vapore \u00e8 stata l\u2019abilitatore della prima rivoluzione industriale, l\u2019elettricit\u00e0 della seconda, l\u2019informazione l\u2019essenza della terza, la quarta rivoluzione industriale si fonda sull\u2019intelligenza Artificiale. Il processo \u00e8 stato avviato ed \u00e8 in atto, con gradi diversi di applicazione, maturit\u00e0 e impatto.<\/p><p>La rivoluzione avanza inesorabile e ci pone sfide solo apparentemente tecnologiche, in realt\u00e0 cambiano i meccanismi stessi di funzionamento delle imprese, cambiano i ruoli delle persone, cambia la cultura e l\u2019organizzazione.<br \/><strong>Sono tre attualmente i livelli attesi d\u2019implementazione dell\u2019AI, con un impatto via via crescente sul sistema aziendale, sulla relazione dell\u2019azienda con il mercato e sulla sua gestione<\/strong>. Comprendere ampiezza e profondit\u00e0 della trasformazione dell\u2019AI, coglierne e guidarne l\u2019implementazione, gestirne le implicazioni e le conseguenze \u00e8 la prossima grande sfida dell\u2019Alta Direzione.<\/p><p>Come ogni altra fondante tecnologia nella storia la tecnologia dell\u2019AI comporter\u00e0 cambiamenti radicali che vanno gestiti in modo appropriato. Si dovr\u00e0 governare lo stesso processo di cambiamento. <strong>Le aziende con l\u2019AI non saranno solo pi\u00f9 efficienti, pi\u00f9 efficaci, saranno anche diverse. Non faranno le stesse cose meglio, faranno altre cose.<\/strong><br \/>La macchina a vapore ha dato all\u2019azienda la potenza, l\u2019elettricit\u00e0 potenza scalabile e flessibilit\u00e0, l\u2019informazione la conoscenza, l\u2019intelligenza artificiale la capacit\u00e0 di decidere.<\/p>\t\t\t\t\t\t<\/div>\n\t\t\t\t<\/div>\n\t\t\t\t\t<\/div>\n\t\t<\/div>\n\t\t\t\t\t<\/div>\n\t\t<\/section>\n\t\t\t\t\t<\/div>\n\t\t<\/div>\n\t\t\t\t\t<\/div>\n\t\t<\/section>\n\t\t\t\t<section class=\"elementor-section elementor-top-section elementor-element elementor-element-5ef15f0a elementor-section-stretched elementor-section-boxed elementor-section-height-default elementor-section-height-default\" data-id=\"5ef15f0a\" data-element_type=\"section\" data-settings=\"{&quot;stretch_section&quot;:&quot;section-stretched&quot;}\">\n\t\t\t\t\t\t<div class=\"elementor-container elementor-column-gap-default\">\n\t\t\t\t\t<div class=\"elementor-column elementor-col-100 elementor-top-column elementor-element elementor-element-4cc26e41\" data-id=\"4cc26e41\" data-element_type=\"column\">\n\t\t\t<div class=\"elementor-widget-wrap elementor-element-populated\">\n\t\t\t\t\t\t<section class=\"elementor-section elementor-inner-section elementor-element elementor-element-54f65c01 elementor-section-boxed elementor-section-height-default elementor-section-height-default\" data-id=\"54f65c01\" data-element_type=\"section\">\n\t\t\t\t\t\t<div class=\"elementor-container elementor-column-gap-default\">\n\t\t\t\t\t<div class=\"elementor-column elementor-col-50 elementor-inner-column elementor-element elementor-element-5e511a4c\" data-id=\"5e511a4c\" data-element_type=\"column\">\n\t\t\t<div class=\"elementor-widget-wrap elementor-element-populated\">\n\t\t\t\t\t\t<div class=\"elementor-element elementor-element-1c435b4c elementor-widget elementor-widget-image\" data-id=\"1c435b4c\" data-element_type=\"widget\" data-widget_type=\"image.default\">\n\t\t\t\t<div class=\"elementor-widget-container\">\n\t\t\t\t\t\t\t\t\t\t\t\t\t<img loading=\"lazy\" decoding=\"async\" width=\"510\" height=\"513\" src=\"https:\/\/www.rosciolidevelopment.com\/wp-content\/uploads\/2024\/03\/Screenshot-2024-02-11-alle-18.05.26.png\" class=\"attachment-large size-large wp-image-6209\" alt=\"\" srcset=\"https:\/\/www.rosciolidevelopment.com\/wp-content\/uploads\/2024\/03\/Screenshot-2024-02-11-alle-18.05.26.png 510w, https:\/\/www.rosciolidevelopment.com\/wp-content\/uploads\/2024\/03\/Screenshot-2024-02-11-alle-18.05.26-180x180.png 180w\" sizes=\"(max-width: 510px) 100vw, 510px\" \/>\t\t\t\t\t\t\t\t\t\t\t\t\t<\/div>\n\t\t\t\t<\/div>\n\t\t\t\t\t<\/div>\n\t\t<\/div>\n\t\t\t\t<div class=\"elementor-column elementor-col-50 elementor-inner-column elementor-element elementor-element-369dfbe9\" data-id=\"369dfbe9\" data-element_type=\"column\">\n\t\t\t<div class=\"elementor-widget-wrap elementor-element-populated\">\n\t\t\t\t\t\t<div class=\"elementor-element elementor-element-2bf29575 elementor-widget elementor-widget-heading\" data-id=\"2bf29575\" data-element_type=\"widget\" data-widget_type=\"heading.default\">\n\t\t\t\t<div class=\"elementor-widget-container\">\n\t\t\t<h2 class=\"elementor-heading-title elementor-size-default\">GO LONG<\/h2>\t\t<\/div>\n\t\t\t\t<\/div>\n\t\t\t\t<div class=\"elementor-element elementor-element-588814e6 elementor-widget elementor-widget-text-editor\" data-id=\"588814e6\" data-element_type=\"widget\" data-widget_type=\"text-editor.default\">\n\t\t\t\t<div class=\"elementor-widget-container\">\n\t\t\t\t\t\t\t<div id=\"_rich_text-345-130\" class=\"oxy-rich-text \"><p><strong>Indipendenza, curiosit\u00e0 e resilienza<\/strong> sono la chiave per il pensiero a lungo termine. I grandi obiettivi sono spesso impossibili a breve termine. Ma, nel lungo periodo quasi tutto \u00e8 raggiungibile. Dobbiamo essere disposti a fare cose straordinarie, in modo straordinario &#8211; il tipo di cose che hanno poco a che vedere con il pensiero ordinario.<\/p><\/div><div id=\"_rich_text-346-130\" class=\"oxy-rich-text \"><p>Jeff Bezos \u2013 fondatore di Amazon fa del pensiero e l\u2019azione di lungo periodo il suo riferimento centrale nella costruzione e sviluppo del business. Bezos ha notato che gran parte del successo di Amazon deriva dal fatto che i suoi concorrenti operano in un lasso di tempo molto pi\u00f9 breve del loro. \u201cSe tutto ci\u00f2 che fai deve funzionare su un orizzonte temporale di tre anni\u201d, ha detto alla rivista Wired nel 2011, \u201callora sei in competizione contro molte persone. Ma se sei disposto a investire su un orizzonte temporale lungo, ora sei in competizione con una frazione di quelle persone, perch\u00e9 pochissime aziende sono disposte a farlo. \u201cSolo allungando l\u2019orizzonte temporale, puoi impegnarti in sfide e obiettivi che altrimenti non potresti perseguire\u201d.<\/p><\/div><div id=\"_rich_text-347-130\" class=\"oxy-rich-text \"><p>Esistono approcci, metodi, riferimenti e principi, molto robusti e capaci di abilitare il pensiero di lungo periodo, di renderlo una leva d\u2019innovazione e competizione, di renderlo fattibile e sostenibile. Il pensiero di lungo periodo consente di costruire robustezza, e generare valore per il cliente, per gli azionisti, per il personale, per la collettivit\u00e0. <strong>I risultati del passato ci danno fiducia, i risultati del futuro ci danno valore, gi\u00e0 oggi. Nel presente<\/strong>.<\/p><\/div>\t\t\t\t\t\t<\/div>\n\t\t\t\t<\/div>\n\t\t\t\t\t<\/div>\n\t\t<\/div>\n\t\t\t\t\t<\/div>\n\t\t<\/section>\n\t\t\t\t\t<\/div>\n\t\t<\/div>\n\t\t\t\t\t<\/div>\n\t\t<\/section>\n\t\t\t\t<\/div>\n\t\t","protected":false},"excerpt":{"rendered":"<p>C-SUITE Roscioli Development \u00e8 attenta ai temi pi\u00f9 innovativi e riserva ai leaders contenuti unici e capaci di fare la differenza. Con un profondo e costante lavoro di ricerca e applicazione concreta, grazie all\u2019expertise ultraventennale portiamo a sintesi e nel contesto aziendale le conoscenze, i principi e i metodi pi\u00f9 innovativi e utili ad affrontare [&hellip;]<\/p>\n","protected":false},"author":1,"featured_media":0,"parent":0,"menu_order":0,"comment_status":"closed","ping_status":"closed","template":"","meta":{"footnotes":""},"_links":{"self":[{"href":"https:\/\/www.rosciolidevelopment.com\/index.php?rest_route=\/wp\/v2\/pages\/5864"}],"collection":[{"href":"https:\/\/www.rosciolidevelopment.com\/index.php?rest_route=\/wp\/v2\/pages"}],"about":[{"href":"https:\/\/www.rosciolidevelopment.com\/index.php?rest_route=\/wp\/v2\/types\/page"}],"author":[{"embeddable":true,"href":"https:\/\/www.rosciolidevelopment.com\/index.php?rest_route=\/wp\/v2\/users\/1"}],"replies":[{"embeddable":true,"href":"https:\/\/www.rosciolidevelopment.com\/index.php?rest_route=%2Fwp%2Fv2%2Fcomments&post=5864"}],"version-history":[{"count":19,"href":"https:\/\/www.rosciolidevelopment.com\/index.php?rest_route=\/wp\/v2\/pages\/5864\/revisions"}],"predecessor-version":[{"id":6565,"href":"https:\/\/www.rosciolidevelopment.com\/index.php?rest_route=\/wp\/v2\/pages\/5864\/revisions\/6565"}],"wp:attachment":[{"href":"https:\/\/www.rosciolidevelopment.com\/index.php?rest_route=%2Fwp%2Fv2%2Fmedia&parent=5864"}],"curies":[{"name":"wp","href":"https:\/\/api.w.org\/{rel}","templated":true}]}}